{"id":12321,"date":"2022-07-22T16:20:37","date_gmt":"2022-07-22T14:20:37","guid":{"rendered":"http:\/\/relaunch2024.galerie-obrist.de\/?post_type=product&#038;p=12321"},"modified":"2022-07-22T16:49:53","modified_gmt":"2022-07-22T14:49:53","slug":"marceka-boehm-das-fuenfte-haus-2018","status":"publish","type":"product","link":"http:\/\/relaunch2024.galerie-obrist.de\/en\/produkt\/marceka-boehm-das-fuenfte-haus-2018\/","title":{"rendered":"Marcela B\u00f6hm: Das f\u00fcnfte Haus, 2018"},"content":{"rendered":"<p>\u00d6l auf Leinwand, <br \/>\nFormat: 150 x 180 x 2cm<\/p>\n","protected":false},"excerpt":{"rendered":"<p>\u00d6l auf Leinwand,<br \/>\n150 x 180 x 2cm<\/p>\n","protected":false},"featured_media":12322,"template":"","meta":{"ngg_post_thumbnail":0},"product_cat":[494,567],"product_tag":[475],"translation":{"provider":"WPGlobus","version":"2.12.2","language":"en","enabled_languages":["de","en"],"languages":{"de":{"title":true,"content":true,"excerpt":true},"en":{"title":false,"content":false,"excerpt":false}}},"featured_media_urls":{"thumbnail":["http:\/\/relaunch2024.galerie-obrist.de\/wp-content\/uploads\/2022\/07\/6050-150x150.jpg",150,150,true],"medium":["http:\/\/relaunch2024.galerie-obrist.de\/wp-content\/uploads\/2022\/07\/6050-365x300.jpg",365,300,true],"medium_large":["http:\/\/relaunch2024.galerie-obrist.de\/wp-content\/uploads\/2022\/07\/6050.jpg",753,619,false],"large":["http:\/\/relaunch2024.galerie-obrist.de\/wp-content\/uploads\/2022\/07\/6050.jpg",753,619,false],"1536x1536":["http:\/\/relaunch2024.galerie-obrist.de\/wp-content\/uploads\/2022\/07\/6050.jpg",753,619,false],"2048x2048":["http:\/\/relaunch2024.galerie-obrist.de\/wp-content\/uploads\/2022\/07\/6050.jpg",753,619,false],"inspiro-featured-image":["http:\/\/relaunch2024.galerie-obrist.de\/wp-content\/uploads\/2022\/07\/6050.jpg",753,619,false],"inspiro-loop":["http:\/\/relaunch2024.galerie-obrist.de\/wp-content\/uploads\/2022\/07\/6050-753x320.jpg",753,320,true],"inspiro-loop@2x":["http:\/\/relaunch2024.galerie-obrist.de\/wp-content\/uploads\/2022\/07\/6050.jpg",753,619,false],"woocommerce_thumbnail":["http:\/\/relaunch2024.galerie-obrist.de\/wp-content\/uploads\/2022\/07\/6050-300x300.jpg",300,300,true],"woocommerce_single":["http:\/\/relaunch2024.galerie-obrist.de\/wp-content\/uploads\/2022\/07\/6050-600x493.jpg",600,493,true],"woocommerce_gallery_thumbnail":["http:\/\/relaunch2024.galerie-obrist.de\/wp-content\/uploads\/2022\/07\/6050-100x100.jpg",100,100,true],"portfolio_item-thumbnail":["http:\/\/relaunch2024.galerie-obrist.de\/wp-content\/uploads\/2022\/07\/6050-600x400.jpg",600,400,true],"portfolio_item-thumbnail@2x":["http:\/\/relaunch2024.galerie-obrist.de\/wp-content\/uploads\/2022\/07\/6050.jpg",753,619,false],"portfolio_item-masonry":["http:\/\/relaunch2024.galerie-obrist.de\/wp-content\/uploads\/2022\/07\/6050-600x493.jpg",600,493,true],"portfolio_item-masonry@2x":["http:\/\/relaunch2024.galerie-obrist.de\/wp-content\/uploads\/2022\/07\/6050.jpg",753,619,false],"portfolio_item-thumbnail_cinema":["http:\/\/relaunch2024.galerie-obrist.de\/wp-content\/uploads\/2022\/07\/6050-753x335.jpg",753,335,true],"portfolio_item-thumbnail_portrait":["http:\/\/relaunch2024.galerie-obrist.de\/wp-content\/uploads\/2022\/07\/6050-600x619.jpg",600,619,true],"portfolio_item-thumbnail_portrait@2x":["http:\/\/relaunch2024.galerie-obrist.de\/wp-content\/uploads\/2022\/07\/6050.jpg",753,619,false],"portfolio_item-thumbnail_square":["http:\/\/relaunch2024.galerie-obrist.de\/wp-content\/uploads\/2022\/07\/6050.jpg",753,619,false]},"_links":{"self":[{"href":"http:\/\/relaunch2024.galerie-obrist.de\/en\/wp-json\/wp\/v2\/product\/12321"}],"collection":[{"href":"http:\/\/relaunch2024.galerie-obrist.de\/en\/wp-json\/wp\/v2\/product"}],"about":[{"href":"http:\/\/relaunch2024.galerie-obrist.de\/en\/wp-json\/wp\/v2\/types\/product"}],"wp:featuredmedia":[{"embeddable":true,"href":"http:\/\/relaunch2024.galerie-obrist.de\/en\/wp-json\/wp\/v2\/media\/12322"}],"wp:attachment":[{"href":"http:\/\/relaunch2024.galerie-obrist.de\/en\/wp-json\/wp\/v2\/media?parent=12321"}],"wp:term":[{"taxonomy":"product_cat","embeddable":true,"href":"http:\/\/relaunch2024.galerie-obrist.de\/en\/wp-json\/wp\/v2\/product_cat?post=12321"},{"taxonomy":"product_tag","embeddable":true,"href":"http:\/\/relaunch2024.galerie-obrist.de\/en\/wp-json\/wp\/v2\/product_tag?post=12321"}],"curies":[{"name":"wp","href":"https:\/\/api.w.org\/{rel}","templated":true}]}}