{"id":10795,"date":"2020-10-29T14:17:45","date_gmt":"2020-10-29T13:17:45","guid":{"rendered":"http:\/\/relaunch2024.galerie-obrist.de\/?post_type=product&#038;p=10795"},"modified":"2022-12-08T14:37:13","modified_gmt":"2022-12-08T13:37:13","slug":"marcela-boehm-magische-realitaet","status":"publish","type":"product","link":"http:\/\/relaunch2024.galerie-obrist.de\/en\/produkt\/marcela-boehm-magische-realitaet\/","title":{"rendered":"Marcela B\u00f6hm &#8211; Magische Realit\u00e4t."},"content":{"rendered":"<p>Marcela B\u00f6hm &#8211; Magische Realit\u00e4t.<br \/>\nAusstellungskatalog Galerie Obrist 2020,<br \/>\nBrosch. Umschlag, Klebebindung, 44 Seiten, Format 210 x 210 mm<\/p>\n","protected":false},"excerpt":{"rendered":"<p>Marcela B\u00f6hm &#8211; Magische Realit\u00e4t. Katalog.<\/p>\n","protected":false},"featured_media":10796,"template":"","meta":{"ngg_post_thumbnail":0},"product_cat":[466,458],"product_tag":[480],"translation":{"provider":"WPGlobus","version":"2.12.2","language":"en","enabled_languages":["de","en"],"languages":{"de":{"title":true,"content":true,"excerpt":true},"en":{"title":false,"content":false,"excerpt":false}}},"featured_media_urls":{"thumbnail":["http:\/\/relaunch2024.galerie-obrist.de\/wp-content\/uploads\/2020\/10\/kat-cover2010-150x150.png",150,150,true],"medium":["http:\/\/relaunch2024.galerie-obrist.de\/wp-content\/uploads\/2020\/10\/kat-cover2010-301x300.png",301,300,true],"medium_large":["http:\/\/relaunch2024.galerie-obrist.de\/wp-content\/uploads\/2020\/10\/kat-cover2010-768x765.png",768,765,true],"large":["http:\/\/relaunch2024.galerie-obrist.de\/wp-content\/uploads\/2020\/10\/kat-cover2010.png",874,871,false],"1536x1536":["http:\/\/relaunch2024.galerie-obrist.de\/wp-content\/uploads\/2020\/10\/kat-cover2010.png",874,871,false],"2048x2048":["http:\/\/relaunch2024.galerie-obrist.de\/wp-content\/uploads\/2020\/10\/kat-cover2010.png",874,871,false],"inspiro-featured-image":["http:\/\/relaunch2024.galerie-obrist.de\/wp-content\/uploads\/2020\/10\/kat-cover2010.png",874,871,false],"inspiro-loop":["http:\/\/relaunch2024.galerie-obrist.de\/wp-content\/uploads\/2020\/10\/kat-cover2010-874x320.png",874,320,true],"inspiro-loop@2x":["http:\/\/relaunch2024.galerie-obrist.de\/wp-content\/uploads\/2020\/10\/kat-cover2010-874x640.png",874,640,true],"woocommerce_thumbnail":["http:\/\/relaunch2024.galerie-obrist.de\/wp-content\/uploads\/2020\/10\/kat-cover2010-300x300.png",300,300,true],"woocommerce_single":["http:\/\/relaunch2024.galerie-obrist.de\/wp-content\/uploads\/2020\/10\/kat-cover2010-600x598.png",600,598,true],"woocommerce_gallery_thumbnail":["http:\/\/relaunch2024.galerie-obrist.de\/wp-content\/uploads\/2020\/10\/kat-cover2010-100x100.png",100,100,true],"portfolio_item-thumbnail":["http:\/\/relaunch2024.galerie-obrist.de\/wp-content\/uploads\/2020\/10\/kat-cover2010-600x400.png",600,400,true],"portfolio_item-thumbnail@2x":["http:\/\/relaunch2024.galerie-obrist.de\/wp-content\/uploads\/2020\/10\/kat-cover2010-874x800.png",874,800,true],"portfolio_item-masonry":["http:\/\/relaunch2024.galerie-obrist.de\/wp-content\/uploads\/2020\/10\/kat-cover2010-600x598.png",600,598,true],"portfolio_item-masonry@2x":["http:\/\/relaunch2024.galerie-obrist.de\/wp-content\/uploads\/2020\/10\/kat-cover2010.png",874,871,false],"portfolio_item-thumbnail_cinema":["http:\/\/relaunch2024.galerie-obrist.de\/wp-content\/uploads\/2020\/10\/kat-cover2010-800x335.png",800,335,true],"portfolio_item-thumbnail_portrait":["http:\/\/relaunch2024.galerie-obrist.de\/wp-content\/uploads\/2020\/10\/kat-cover2010-600x871.png",600,871,true],"portfolio_item-thumbnail_portrait@2x":["http:\/\/relaunch2024.galerie-obrist.de\/wp-content\/uploads\/2020\/10\/kat-cover2010.png",874,871,false],"portfolio_item-thumbnail_square":["http:\/\/relaunch2024.galerie-obrist.de\/wp-content\/uploads\/2020\/10\/kat-cover2010-800x800.png",800,800,true]},"_links":{"self":[{"href":"http:\/\/relaunch2024.galerie-obrist.de\/en\/wp-json\/wp\/v2\/product\/10795"}],"collection":[{"href":"http:\/\/relaunch2024.galerie-obrist.de\/en\/wp-json\/wp\/v2\/product"}],"about":[{"href":"http:\/\/relaunch2024.galerie-obrist.de\/en\/wp-json\/wp\/v2\/types\/product"}],"wp:featuredmedia":[{"embeddable":true,"href":"http:\/\/relaunch2024.galerie-obrist.de\/en\/wp-json\/wp\/v2\/media\/10796"}],"wp:attachment":[{"href":"http:\/\/relaunch2024.galerie-obrist.de\/en\/wp-json\/wp\/v2\/media?parent=10795"}],"wp:term":[{"taxonomy":"product_cat","embeddable":true,"href":"http:\/\/relaunch2024.galerie-obrist.de\/en\/wp-json\/wp\/v2\/product_cat?post=10795"},{"taxonomy":"product_tag","embeddable":true,"href":"http:\/\/relaunch2024.galerie-obrist.de\/en\/wp-json\/wp\/v2\/product_tag?post=10795"}],"curies":[{"name":"wp","href":"https:\/\/api.w.org\/{rel}","templated":true}]}}