{"id":5404,"date":"2016-11-22T14:41:24","date_gmt":"2016-11-22T12:41:24","guid":{"rendered":"http:\/\/relaunch2024.galerie-obrist.de\/?page_id=5404"},"modified":"2021-04-09T15:24:48","modified_gmt":"2021-04-09T13:24:48","slug":"ring","status":"publish","type":"page","link":"http:\/\/relaunch2024.galerie-obrist.de\/en\/artists\/zzalle-kunstler\/ring\/","title":{"rendered":"Barbara Ring"},"content":{"rendered":"<p style=\"text-align: left;\"><a href=\"http:\/\/relaunch2024.galerie-obrist.de\/wp-content\/uploads\/2016\/11\/sweethart-by-night_f\u00fcr-homepage.jpg\" rel=\"attachment wp-att-5406\"><img loading=\"lazy\" decoding=\"async\" class=\"size-medium wp-image-5406 alignleft\" src=\"http:\/\/relaunch2024.galerie-obrist.de\/wp-content\/uploads\/2016\/11\/sweethart-by-night_f\u00fcr-homepage-300x300.jpg\" alt=\"sweethart by night_f\u00fcr homepage\" width=\"300\" height=\"300\" \/><\/a><a href=\"http:\/\/relaunch2024.galerie-obrist.de\/wp-content\/uploads\/2016\/11\/pose-I_answer_f\u00fcr-homepage.jpg\" rel=\"attachment wp-att-5405\"><img loading=\"lazy\" decoding=\"async\" class=\"size-medium wp-image-5405 alignnone\" src=\"http:\/\/relaunch2024.galerie-obrist.de\/wp-content\/uploads\/2016\/11\/pose-I_answer_f\u00fcr-homepage-205x300.jpg\" alt=\"pose I_answer_f\u00fcr homepage\" width=\"205\" height=\"300\" \/><\/a><a href=\"http:\/\/relaunch2024.galerie-obrist.de\/wp-content\/uploads\/2016\/11\/agnes-van-burgh-und-burghardt-von-werden_f\u00fcr-homepage.jpg\" rel=\"attachment wp-att-5411\"><img loading=\"lazy\" decoding=\"async\" class=\"size-medium wp-image-5411 alignleft\" src=\"http:\/\/relaunch2024.galerie-obrist.de\/wp-content\/uploads\/2016\/11\/agnes-van-burgh-und-burghardt-von-werden_f\u00fcr-homepage-256x300.jpg\" alt=\"agnes van burgh und burghardt von werden_f\u00fcr homepage\" width=\"256\" height=\"300\" \/><\/a><\/p>\n<p style=\"text-align: left;\">Die Darstellung von Lebewesen, Mensch und Tier, real oder imaginiert ist der Kern der teils realistischen, teils abstrakten Arbeiten der K\u00fcnstlerin. Dabei ortet Ring ihre Protagonisten &#8211; in den letzten Jahren zumeist Frauengestalten -, in abstrakten, mitunter landschaftlich gepr\u00e4gten Materialdrucken &#8211; das Ausgangsmaterial. Ein Material bei dem sich im Dickicht des von der Gaze erzeugten Liniengewimmels pr\u00e4gnate Konstellationen zeigen, die Ring aus der Abstraktion herausl\u00f6st, freistellt, mitunter auch in ihren k\u00fcnstlerischen &#8220;Landschaften&#8221; auf einer zweiten Ebene installiert und inszeniert.<\/p>\n<p>K\u00fcnstlerische Ausbildung<br \/>\n1997 &#8211; 2001 Studium Grafik und Malerei (Privatakademie Bochum)<br \/>\n1999 Freie Malerei bei Prof. Dr. Qi Yang<br \/>\n2000 &#8211; 2002 Meistersch\u00fclerin von Helmut J\u00f6cken, Niederlande<br \/>\n2002 &#8211; 2007 Weitere grafische Ausbildung bei Ferdinand Bahnen, Krefeld<\/p>\n<p>Einzelausstellungen (Auswahl der letzten 5 Jahre)<br \/>\n2014 Grafisch(es) Atelier Alkmaar, (Niederlande)<br \/>\n2014 Ruhrgalerie Herdecke, &#8220;Hide and Seek&#8221;<br \/>\n2013 St\u00e4dtische Galerie Dortmund, &#8220;K\u00f6nigskinder&#8221;<br \/>\n2011 St\u00e4dtisches Museum Kamen &#8220;Scho\u00dfh\u00fcndchen&#8221;<br \/>\n2010 Zeche Zollverein, Essen, \u201eLiving-room\u201c (mit Kathrin Blomeier)<\/p>\n<p>Gruppenausstellungen (Auswahl der letzten 5 Jahre)<br \/>\n2016 C.A.R. (Contemporary Art Ruhr), Essen, (mit K\u00fcnstlerinnengruppe Triple B)<br \/>\n2016 Galerie Obrist, Essen, &#8220;Crazy little thing&#8221;<br \/>\n2016 Galerie Fischer, Dortmund, (mit Triple B)<br \/>\n2015 Frauenmuseum Bonn &#8220;25. Messe&#8221;, (mit Triple B)<br \/>\n2015 Galerie Obrist, Essen, &#8220;Wild at heart&#8221;<br \/>\n2015 Art: Pu\u00b4l, Messe f\u00fcr zeitgen\u00f6ssische Kunst, Pulheim (mit Triple B)<br \/>\n2015 Galerie Kabuth, Gelsenkirchen, &#8220;femme totale&#8221;<br \/>\n2014 Galerie Obrist, Essen, &#8220;Borderlines&#8221;<br \/>\n2014 Museum Langenfeld, Themenausstellung<br \/>\n2013 Industrie-u. Handelskammer K\u00f6ln, &#8220;Begegnungen&#8221;<br \/>\n2011 Museum Gelsenkirchen \u201eJahresschau\u201c,<br \/>\n2010 Galerie Arke, Dortmund, &#8220;Ikonen&#8221;<br \/>\n2005 u. 2008 Wilhelm-Fabry-Museum (Hilden)<br \/>\n2005 Galerie Windkracht 13, (den Helder, NL)<\/p>\n<p>\u00d6ffentliche Ank\u00e4ufe und Firmenank\u00e4ufe: u.a. Museum Borken, Landtag D\u00fcsseldorf, \u2028Stadt Langenfeld, Sparkasse Gelsenkirchen, SVM Gelsenkirchen, EIWA (Z\u00fcrich), \u2028Gelsentrade GmbH (Gelsenkirchen), MZ Mineral\u00f6l GmbH (Essen), GPA NRW \u2028\u2028Mitgliedschaften in k\u00fcnstlerischen Gruppierungen\u2028Seit 2010 Mitglied des BBK Ruhrgebiet. Seit 2013 Vorstandsmitglied des BBK Ruhrgebiet.\u2028Seit 2011 Mitglied der Gedok K\u00f6ln\u20282004-2013 Mitglied des Beirats des BGK e.V., seit 2015 Mitglied des BGK<\/p>\n","protected":false},"excerpt":{"rendered":"<p>Die Darstellung von Lebewesen, Mensch und Tier, real oder imaginiert ist der Kern der teils realistischen, teils abstrakten Arbeiten der K\u00fcnstlerin. Dabei ortet Ring ihre Protagonisten &#8211; in den letzten Jahren zumeist Frauengestalten -, in abstrakten, mitunter landschaftlich gepr\u00e4gten Materialdrucken &#8211; das Ausgangsmaterial. Ein Material bei dem sich im Dickicht des von der Gaze erzeugten &hellip; <\/p>\n<p class=\"link-more\"><a href=\"http:\/\/relaunch2024.galerie-obrist.de\/en\/artists\/zzalle-kunstler\/ring\/\" class=\"more-link\">Read more<span class=\"screen-reader-text\"> &#8220;Barbara Ring&#8221;<\/span><\/a><\/p>\n","protected":false},"author":2,"featured_media":0,"parent":1511,"menu_order":0,"comment_status":"closed","ping_status":"closed","template":"","meta":{"ngg_post_thumbnail":0,"footnotes":""},"translation":{"provider":"WPGlobus","version":"2.12.2","language":"en","enabled_languages":["de","en"],"languages":{"de":{"title":true,"content":true,"excerpt":false},"en":{"title":true,"content":true,"excerpt":false}}},"featured_media_urls":[],"_links":{"self":[{"href":"http:\/\/relaunch2024.galerie-obrist.de\/en\/wp-json\/wp\/v2\/pages\/5404"}],"collection":[{"href":"http:\/\/relaunch2024.galerie-obrist.de\/en\/wp-json\/wp\/v2\/pages"}],"about":[{"href":"http:\/\/relaunch2024.galerie-obrist.de\/en\/wp-json\/wp\/v2\/types\/page"}],"author":[{"embeddable":true,"href":"http:\/\/relaunch2024.galerie-obrist.de\/en\/wp-json\/wp\/v2\/users\/2"}],"replies":[{"embeddable":true,"href":"http:\/\/relaunch2024.galerie-obrist.de\/en\/wp-json\/wp\/v2\/comments?post=5404"}],"version-history":[{"count":12,"href":"http:\/\/relaunch2024.galerie-obrist.de\/en\/wp-json\/wp\/v2\/pages\/5404\/revisions"}],"predecessor-version":[{"id":8207,"href":"http:\/\/relaunch2024.galerie-obrist.de\/en\/wp-json\/wp\/v2\/pages\/5404\/revisions\/8207"}],"up":[{"embeddable":true,"href":"http:\/\/relaunch2024.galerie-obrist.de\/en\/wp-json\/wp\/v2\/pages\/1511"}],"wp:attachment":[{"href":"http:\/\/relaunch2024.galerie-obrist.de\/en\/wp-json\/wp\/v2\/media?parent=5404"}],"curies":[{"name":"wp","href":"https:\/\/api.w.org\/{rel}","templated":true}]}}