{"id":3464,"date":"2013-08-31T11:07:32","date_gmt":"2013-08-31T09:07:32","guid":{"rendered":"http:\/\/relaunch2024.galerie-obrist.de\/?page_id=3464"},"modified":"2019-03-29T17:16:06","modified_gmt":"2019-03-29T15:16:06","slug":"schloer2005","status":"publish","type":"page","link":"http:\/\/relaunch2024.galerie-obrist.de\/en\/artists\/schloer\/schloer2005\/","title":{"rendered":"Peter Schl\u00f6r: Photoworks (2005)"},"content":{"rendered":"<p><img decoding=\"async\" src=\"http:\/\/relaunch2024.galerie-obrist.de\/img\/Bugwelle2.jpg\" height=\"140\" \/>   <img decoding=\"async\" src=\"http:\/\/relaunch2024.galerie-obrist.de\/img\/Sinai-Iw.jpg\" height=\"140\" \/><br \/>\n<span lang=\"de\">PETER SCHL\u00d6R: Fotoarbeiten.<br \/>\n7. Oktober &#8211; 12. November 2005<br \/>\nVernissage am Freitag, 7. Oktober, 19 Uhr<\/span><\/p>\n<p><span lang=\"de\">Peter Schl\u00f6r ist zur Vernissage anwesend.<br \/>\nEs erscheint ein Ausstellungsheft (Ende September 2005).<\/span><\/p>\n<p>>PETER SCHL\u00d6R: Photoworks.<br \/>\nOct. 7 &#8211; Nov. 12, 2005<br \/>\nOpening Reception: Friday, Oct. 7, 7pm<\/span><\/p>\n<p>Obrist Gallery shows from October 7 to November 12 photoworks of Peter Schl\u00f6r. The Mannheim based photographer, who recently presented his work on important artfairs like Art Cologne or Art Brussels, is for the first time at Essen. As a freelance artist he has been working for 20 years, and consequently stayed with black &#038; white photography &#8211; in spite of the fashionable colour tendency in current photographic arts.<\/span><\/p>\n<p><a href=\"http:\/\/relaunch2024.galerie-obrist.de\/pdf\/Schloer.pdf\">Exhibition Catalogue as PDF (ca. 350 kb)<\/a><br \/>\n<a href=\"\/artists\/schloer\">CV PETER SCHL\u00d6R<\/a><\/span><\/p>\n","protected":false},"excerpt":{"rendered":"<p>PETER SCHL\u00d6R: Fotoarbeiten. 7. Oktober &#8211; 12. November 2005 Vernissage am Freitag, 7. Oktober, 19 Uhr Peter Schl\u00f6r ist zur Vernissage anwesend. Es erscheint ein Ausstellungsheft (Ende September 2005). >PETER SCHL\u00d6R: Photoworks. Oct. 7 &#8211; Nov. 12, 2005 Opening Reception: Friday, Oct. 7, 7pm Obrist Gallery shows from October 7 to November 12 photoworks of &hellip; <\/p>\n<p class=\"link-more\"><a href=\"http:\/\/relaunch2024.galerie-obrist.de\/en\/artists\/schloer\/schloer2005\/\" class=\"more-link\">Read more<span class=\"screen-reader-text\"> &#8220;Peter Schl\u00f6r: Photoworks (2005)&#8221;<\/span><\/a><\/p>\n","protected":false},"author":2,"featured_media":0,"parent":1217,"menu_order":0,"comment_status":"closed","ping_status":"open","template":"","meta":{"ngg_post_thumbnail":0,"footnotes":""},"translation":{"provider":"WPGlobus","version":"2.12.2","language":"en","enabled_languages":["de","en"],"languages":{"de":{"title":true,"content":true,"excerpt":false},"en":{"title":true,"content":true,"excerpt":false}}},"featured_media_urls":[],"_links":{"self":[{"href":"http:\/\/relaunch2024.galerie-obrist.de\/en\/wp-json\/wp\/v2\/pages\/3464"}],"collection":[{"href":"http:\/\/relaunch2024.galerie-obrist.de\/en\/wp-json\/wp\/v2\/pages"}],"about":[{"href":"http:\/\/relaunch2024.galerie-obrist.de\/en\/wp-json\/wp\/v2\/types\/page"}],"author":[{"embeddable":true,"href":"http:\/\/relaunch2024.galerie-obrist.de\/en\/wp-json\/wp\/v2\/users\/2"}],"replies":[{"embeddable":true,"href":"http:\/\/relaunch2024.galerie-obrist.de\/en\/wp-json\/wp\/v2\/comments?post=3464"}],"version-history":[{"count":8,"href":"http:\/\/relaunch2024.galerie-obrist.de\/en\/wp-json\/wp\/v2\/pages\/3464\/revisions"}],"predecessor-version":[{"id":9694,"href":"http:\/\/relaunch2024.galerie-obrist.de\/en\/wp-json\/wp\/v2\/pages\/3464\/revisions\/9694"}],"up":[{"embeddable":true,"href":"http:\/\/relaunch2024.galerie-obrist.de\/en\/wp-json\/wp\/v2\/pages\/1217"}],"wp:attachment":[{"href":"http:\/\/relaunch2024.galerie-obrist.de\/en\/wp-json\/wp\/v2\/media?parent=3464"}],"curies":[{"name":"wp","href":"https:\/\/api.w.org\/{rel}","templated":true}]}}