{"id":12971,"date":"2023-03-01T18:20:02","date_gmt":"2023-03-01T17:20:02","guid":{"rendered":"http:\/\/relaunch2024.galerie-obrist.de\/?page_id=12971"},"modified":"2023-03-02T13:49:44","modified_gmt":"2023-03-02T12:49:44","slug":"fleig","status":"publish","type":"page","link":"http:\/\/relaunch2024.galerie-obrist.de\/en\/artists\/fleig\/","title":{"rendered":"J\u00e1chym Fleig"},"content":{"rendered":"<p><b>WORKS<\/b><\/p>\n<div class=\"woocommerce columns-4 \"><div class=\"woocommerce-notices-wrapper\"><\/div><p class=\"woocommerce-result-count\">\n\tShowing all 5 results<\/p>\n<form class=\"woocommerce-ordering\" method=\"get\">\n\t<select name=\"orderby\" class=\"orderby\" aria-label=\"Shop order\">\n\t\t\t\t\t<option value=\"menu_order\"  selected='selected'>Default sorting<\/option>\n\t\t\t\t\t<option value=\"popularity\" >Sort by popularity<\/option>\n\t\t\t\t\t<option value=\"date\" >Sort by latest<\/option>\n\t\t\t\t\t<option value=\"price\" >Sort by price: low to high<\/option>\n\t\t\t\t\t<option value=\"price-desc\" >Sort by price: high to low<\/option>\n\t\t\t<\/select>\n\t<input type=\"hidden\" name=\"paged\" value=\"1\" \/>\n\t<\/form>\n<ul class=\"products columns-4\">\n<li class=\"product type-product post-14309 status-publish first instock product_cat-artkarlsruhe2024 product_cat-plastik product_tag-jachymfleig has-post-thumbnail product-type-simple\">\n\t<a href=\"http:\/\/relaunch2024.galerie-obrist.de\/en\/produkt\/jachym-fleig-faser\/\" class=\"woocommerce-LoopProduct-link woocommerce-loop-product__link\"><img loading=\"lazy\" decoding=\"async\" width=\"300\" height=\"300\" src=\"http:\/\/relaunch2024.galerie-obrist.de\/wp-content\/uploads\/2024\/03\/A-web-300x300.jpeg\" class=\"attachment-woocommerce_thumbnail size-woocommerce_thumbnail\" alt=\"\" srcset=\"http:\/\/relaunch2024.galerie-obrist.de\/wp-content\/uploads\/2024\/03\/A-web-300x300.jpeg 300w, http:\/\/relaunch2024.galerie-obrist.de\/wp-content\/uploads\/2024\/03\/A-web-100x100.jpeg 100w\" sizes=\"100vw\" \/><h2 class=\"woocommerce-loop-product__title\">J\u00e1chym Fleig: FASER<\/h2>\n\t<span class=\"price\"><strong>Call +49 201 72 66 203 for price & availability<\/strong><\/span>\n\n\n\n<\/a>\n<a href=\"http:\/\/relaunch2024.galerie-obrist.de\/en\/produkt\/jachym-fleig-faser\/\" class=\"button product_type_simple\">Details<\/a><\/li>\n<li class=\"product type-product post-13877 status-publish instock product_cat-luxembourg-art-week-2023 product_cat-plastik product_tag-jachymfleig has-post-thumbnail product-type-simple\">\n\t<a href=\"http:\/\/relaunch2024.galerie-obrist.de\/en\/produkt\/jachym-fleig-modul\/\" class=\"woocommerce-LoopProduct-link woocommerce-loop-product__link\"><img loading=\"lazy\" decoding=\"async\" width=\"300\" height=\"300\" src=\"http:\/\/relaunch2024.galerie-obrist.de\/wp-content\/uploads\/2023\/11\/6982-300x300.jpg\" class=\"attachment-woocommerce_thumbnail size-woocommerce_thumbnail\" alt=\"\" srcset=\"http:\/\/relaunch2024.galerie-obrist.de\/wp-content\/uploads\/2023\/11\/6982-300x300.jpg 300w, http:\/\/relaunch2024.galerie-obrist.de\/wp-content\/uploads\/2023\/11\/6982-150x150.jpg 150w, http:\/\/relaunch2024.galerie-obrist.de\/wp-content\/uploads\/2023\/11\/6982-100x100.jpg 100w, http:\/\/relaunch2024.galerie-obrist.de\/wp-content\/uploads\/2023\/11\/6982-800x800.jpg 800w\" sizes=\"100vw\" \/><h2 class=\"woocommerce-loop-product__title\">J\u00e1chym Fleig: MODUL<\/h2>\n\t<span class=\"price\"><strong>Call +49 201 72 66 203 for price & availability<\/strong><\/span>\n\n\n\n<\/a>\n<a href=\"http:\/\/relaunch2024.galerie-obrist.de\/en\/produkt\/jachym-fleig-modul\/\" class=\"button product_type_simple\">Details<\/a><\/li>\n<li class=\"product type-product post-13353 status-publish instock product_cat-artkarlsruhe2023 product_cat-plastik product_tag-jachymfleig has-post-thumbnail product-type-simple\">\n\t<a href=\"http:\/\/relaunch2024.galerie-obrist.de\/en\/produkt\/jachym-fleig-verschiebung\/\" class=\"woocommerce-LoopProduct-link woocommerce-loop-product__link\"><img loading=\"lazy\" decoding=\"async\" width=\"300\" height=\"300\" src=\"http:\/\/relaunch2024.galerie-obrist.de\/wp-content\/uploads\/2023\/05\/6892-300x300.jpg\" class=\"attachment-woocommerce_thumbnail size-woocommerce_thumbnail\" alt=\"\" srcset=\"http:\/\/relaunch2024.galerie-obrist.de\/wp-content\/uploads\/2023\/05\/6892-300x300.jpg 300w, http:\/\/relaunch2024.galerie-obrist.de\/wp-content\/uploads\/2023\/05\/6892-150x150.jpg 150w, http:\/\/relaunch2024.galerie-obrist.de\/wp-content\/uploads\/2023\/05\/6892-100x100.jpg 100w, http:\/\/relaunch2024.galerie-obrist.de\/wp-content\/uploads\/2023\/05\/6892-scaled-800x800.jpg 800w\" sizes=\"100vw\" \/><h2 class=\"woocommerce-loop-product__title\">J\u00e1chym Fleig: Verschiebung<\/h2>\n\t<span class=\"price\"><strong>Call +49 201 72 66 203 for price & availability<\/strong><\/span>\n\n\n\n<\/a>\n<a href=\"http:\/\/relaunch2024.galerie-obrist.de\/en\/produkt\/jachym-fleig-verschiebung\/\" class=\"button product_type_simple\">Details<\/a><\/li>\n<li class=\"product type-product post-12589 status-publish last instock product_cat-luxembourg-art-week-2022 product_cat-plastik product_tag-jachymfleig has-post-thumbnail purchasable product-type-simple\">\n\t<a href=\"http:\/\/relaunch2024.galerie-obrist.de\/en\/produkt\/b-jachym-fleig-auslage-2\/\" class=\"woocommerce-LoopProduct-link woocommerce-loop-product__link\"><img loading=\"lazy\" decoding=\"async\" width=\"300\" height=\"300\" src=\"http:\/\/relaunch2024.galerie-obrist.de\/wp-content\/uploads\/2022\/11\/6634-300x300.jpg\" class=\"attachment-woocommerce_thumbnail size-woocommerce_thumbnail\" alt=\"\" srcset=\"http:\/\/relaunch2024.galerie-obrist.de\/wp-content\/uploads\/2022\/11\/6634-300x300.jpg 300w, http:\/\/relaunch2024.galerie-obrist.de\/wp-content\/uploads\/2022\/11\/6634-150x150.jpg 150w, http:\/\/relaunch2024.galerie-obrist.de\/wp-content\/uploads\/2022\/11\/6634-100x100.jpg 100w, http:\/\/relaunch2024.galerie-obrist.de\/wp-content\/uploads\/2022\/11\/6634-800x800.jpg 800w\" sizes=\"100vw\" \/><h2 class=\"woocommerce-loop-product__title\">J\u00e1chym Fleig: Auslage (2)<\/h2>\n\t<span class=\"price\"><span class=\"woocommerce-Price-amount amount\"><bdi>4.500,00&nbsp;<span class=\"woocommerce-Price-currencySymbol\">&euro;<\/span><\/bdi><\/span><\/span>\n\n\n\n<\/a>\n<a href=\"http:\/\/relaunch2024.galerie-obrist.de\/en\/produkt\/b-jachym-fleig-auslage-2\/\" class=\"button product_type_simple\">Details<\/a><\/li>\n<li class=\"product type-product post-12586 status-publish first instock product_cat-artists product_cat-luxembourg-art-week-2022 product_cat-plastik product_tag-jachymfleig has-post-thumbnail product-type-simple\">\n\t<a href=\"http:\/\/relaunch2024.galerie-obrist.de\/en\/produkt\/b-jachym-fleig-wicklung\/\" class=\"woocommerce-LoopProduct-link woocommerce-loop-product__link\"><img loading=\"lazy\" decoding=\"async\" width=\"300\" height=\"300\" src=\"http:\/\/relaunch2024.galerie-obrist.de\/wp-content\/uploads\/2022\/11\/6636-1-300x300.jpg\" class=\"attachment-woocommerce_thumbnail size-woocommerce_thumbnail\" alt=\"\" srcset=\"http:\/\/relaunch2024.galerie-obrist.de\/wp-content\/uploads\/2022\/11\/6636-1-300x300.jpg 300w, http:\/\/relaunch2024.galerie-obrist.de\/wp-content\/uploads\/2022\/11\/6636-1-150x150.jpg 150w, http:\/\/relaunch2024.galerie-obrist.de\/wp-content\/uploads\/2022\/11\/6636-1-100x100.jpg 100w, http:\/\/relaunch2024.galerie-obrist.de\/wp-content\/uploads\/2022\/11\/6636-1-800x800.jpg 800w\" sizes=\"100vw\" \/><h2 class=\"woocommerce-loop-product__title\">J\u00e1chym Fleig: Wicklung<\/h2>\n\t<span class=\"price\"><strong>Call +49 201 72 66 203 for price & availability<\/strong><\/span>\n\n\n\n<\/a>\n<a href=\"http:\/\/relaunch2024.galerie-obrist.de\/en\/produkt\/b-jachym-fleig-wicklung\/\" class=\"button product_type_simple\">Details<\/a><\/li>\n<\/ul>\n<\/div>\n<p><em>\u201cIn my work, art shows its possessive and sinister side, although my accumulations of materials and objects into sculptural structures made of everyday building materials.<br \/>\nI combine MDF boards, cardboard, plaster and polyurethane foam with architecture or with serving objects such as furniture modules so that everyone can see them.<br \/>\nWith their monstrous outgrowths, my sculptural installations suggest structural damage or the idea of \u200b\u200bspace being taken over by alien beings.<br \/>\nAlthough the materials and objects used are easily recognizable, the half-curious, half-suspicious, but somehow obsessive question whether this rampant life of its own is actually over or whether the viewer is confronted with a process that is threatening him too.<br \/>\nHowever, the apparent proximity to nature (wasp nests and other animal structures) follows the strategic calculation of artistic positioning.<br \/>\nNature can look like art, and vice versa. This in turn has little to do with naturalism.<br \/>\nThe abstract-formal qualities of the three-dimensional structures are fulfilled in connection with what is already there \u2013 space or thing (like office furniture, for example).<br \/>\nThe interventions seem coherent, as if the infested building or object (the \u201chost\u201d) itself hatched the raging essential event.<br \/>\nIn this way, my installations occupy reality with relish and serious humour\u201d.<\/em><\/p>\n<p><b>BIOGRAPHY<\/b><\/p>\n<p>J\u00e1chym Fleig was born in Villingen-Schwenningen in 1970 and, after training as a stone sculptor with Micha Ullman and Eberhard Bosslet, studied fine arts at the art academies in Stuttgart and Dresden. He also studied for two years at the Slade School of Fine Art and at the Royal College of Art in London in the Fine Art course. In 2003 he completed his studies as a master student of Eberhard Bosslet. From 2009 to 2011 he passed the second state examination for teaching at high schools in the field of fine arts[1]. J\u00e1chym Fleig is a member of the German Association of Artists, the Association of Artists in Baden-W\u00fcrttemberg and the Association of D\u00fcsseldorf Artists. <br \/>\n<a href=\"https:\/\/www.jachymfleig.de\" target=\"_blank\" rel=\"noopener noreferrer\">J\u00e1chym Fleig&#8217;s website<\/a><\/p>\n<div style=\"width: 640px;\" class=\"wp-video\"><!--[if lt IE 9]><script>document.createElement('video');<\/script><![endif]-->\n<video class=\"wp-video-shortcode\" id=\"video-12971-1\" width=\"640\" height=\"360\" preload=\"metadata\" controls=\"controls\"><source type=\"video\/mp4\" src=\"http:\/\/relaunch2024.galerie-obrist.de\/wp-content\/uploads\/2023\/03\/jachymfleig.mp4?_=1\" \/><a href=\"http:\/\/relaunch2024.galerie-obrist.de\/wp-content\/uploads\/2023\/03\/jachymfleig.mp4\">http:\/\/relaunch2024.galerie-obrist.de\/wp-content\/uploads\/2023\/03\/jachymfleig.mp4<\/a><\/video><\/div>\n<p><b>Solo exhibitions<\/b><br \/>\n2022 through, Obrist Gallery, Essen (with Armin Hartenstein)<br \/>\n2021 Application, Forum Kunst Rottweil<br \/>\n2020 New Works, GB Kunst, Palais Waldersdorff, Trier<br \/>\n2019 Obstruction, Kunstraum 34, Stuttgart<br \/>\n    2018 stocking, Kunstmuseum Singen<br \/>\n    2018 Liaison, Saarland Artists&#8217; House, Saarbr\u00fccken<br \/>\n    2017 EPHEMERE Dortmunder U, Dortmund<br \/>\n    2017 SHIFT Factory Heeder, Krefeld<br \/>\n    2017 STRUCTURAL REFORM Gallery Heike Strelow, Frankfurt a. M<br \/>\n    2016 SHIFT, art association Aurich<br \/>\n    2016 RISE, Rizzuto Gallery, Palermo, Italy<br \/>\n    2016 Tapes, art and project space, kiosk am Reileck, Halle\/Saale<br \/>\n    2015 &#8220;Accumulation&#8221; Museum Art.Plus (Museum Biedermann), Donaueschingen<br \/>\n    2015 Menu. Sculpture, installation, forum for art and culture, Herzogenrath<br \/>\n    2014 efflorescence, Kunstverein Duisburg<br \/>\n    2013 collateral, Kunstverein coop. Kunsthaus, Viernheim<br \/>\n    2013 Twist, Gallery Heike Strelow, Frankfurt a. M. (with Astrid Korntheuer)<br \/>\n    2012 cover pod sukni \/ under the skirt, DADS \u2013 Gallery, Liberec, Czech Republic<br \/>\n    2011 Limbus, Kunstverein Trier Junge Kunst, together with Ulrike Mundt<br \/>\n    2010 Ceiling relief, Neuer Kunstverein Gie\u00dfen<br \/>\n    2007 Blind Date, Mandy Gallery, Leipzig<br \/>\n    2007 Hu\u00e9sped, MACG Museo de Arte Carrillo Gil, Mexico City<br \/>\n    2002 occupation, Kunstverein Trossingen<\/p>\n<p><b>Group exhibitions<\/b> (selection)<br \/>\n2022 Flux4art, Kunsthalle Mainz<br \/>\n2022 REFLECTOR, New Saxon Gallery, Chemnitz<br \/>\n2021 The nature of desires, Stadtmuseum H\u00fcfingen<br \/>\n2020 Flux4Art, Sayner H\u00fctte, Bendorf<br \/>\n2020 relationship and difference Adamo \/ Fleig, Art Association Trier young art<br \/>\n    2019 Kahnweiler Prize, Rockenhausen<br \/>\n    Drawing the bow in 2019, 100 years of the Darmstadt Secession<br \/>\nDrawing the bow in 2019, 100 years of the Darmstadt Secession<br \/>\n    2019 Full Throttle &#8211; FULL SPEED, Museum ART.PLUS, Donaueschingen<br \/>\n    2018 twenty one. Views of an art association, new art association Giessen<br \/>\n    2018 Art&#038;Passion, Art Museum Gelsenkirchen<br \/>\n    2017 Salon d`Automne, Grand Palais des Champs &#8211; Elys\u00e9es, Paris<br \/>\n    2017Presence, criticism, utopia, W\u00fcrttembergischer Kunstverein, Stuttgart<br \/>\n    2017New Friends Art Association Duisburg<br \/>\n    2017quantum leap Rizzutogallery, Palermo, Italy<br \/>\n    2016 DEW21, Art Prize 2016, Dortmund<br \/>\n    2016 Space+Object, &#8220;Zeitraum&#8221;, Kunstmuseum Gelsenkirchen<br \/>\n    2016 North Art 2016, B\u00fcdelsdorf<br \/>\n    2016 The Great Art Exhibition NRW, D\u00fcsseldorf<br \/>\n    2015 &#8220;Art Prize Robert Schumann&#8221;, Trier<br \/>\n    2015 CARGO I, DADS \u2013 Gallery, Liberec, CZ<br \/>\n    2015 Large art exhibition NRW, D\u00fcsseldorf<br \/>\n    2014 Sites en Lign\u00e9, Belgium<br \/>\n    2014 Perspectives on Sculpture, Cuxhavener Kunstverein<br \/>\n    2013 TRIAL&#038;ERROR, Shedhalle T\u00fcbingen \u2013 Forum for contemporary art<br \/>\n    2013 inside outside, new Kunsthaus Ahrenshoop<br \/>\n    2013 Large art exhibition NRW, D\u00fcsseldorf<br \/>\n    2012 Art Salon 2012, House of Art, Munich<br \/>\n    2012 Ostrale`12, Dresden<br \/>\n    2011 fish with broken dreams, Gallery Heike Strelow, Frankfurt<br \/>\n    2011 Biomorph!, Arp Museum Bahnhof Rolandseck, Remagen<br \/>\n    2010 km 500\/3, Kunsthalle Mainz<br \/>\n    2010 5&#215;3, Kunstraum D\u00fcsseldorf<br \/>\n    2010 Blickwechsel, Kultursekretariat NRW G\u00fctersloh \/ Stadt Plettenberg<br \/>\n    2009 When there&#8217;s funding, it&#8217;s actually full throttle, Wilhelm Lehmbruck Museum, Duisburg<br \/>\n    2009 Lehmbruck workshop, Wilhelm Lehmbruck Museum, Duisburg<br \/>\n    2008 Art Prize of the Archdiocese of Freiburg, Morat Institute Freiburg<br \/>\n    2008 Lehmbruck scholarship holders present, Wilhelm Lehmbruck Museum, Duisburg<br \/>\n    2007 one plus, Waldthausen Castle, Mainz<br \/>\n    2004 Forum de Arte Franco \u2013 Allemand, Chateau de Vaudremont, Lyon, France<br \/>\n    2003 Our Mutual Friend, Bloomberg Space, London<br \/>\n    2002 new contemporaries, STATIC gallery, Liverpool \/ Barbican Center, London<\/p>\n<p><b>Awards and Awards<\/b><br \/>\n2022 1st place, competition for the extension of the Wei\u00dfenthurm primary school, realization<br \/>\n2021 Wilke &#8211; studio, scholarship, Bremerhaven<br \/>\n2019 Sculpture Space, New York, artist in residence<br \/>\n    2016 DEW21 Art Prize 2016, Dortmund<br \/>\n    2015 Scholarship Kavalierhaus Langenargen<br \/>\n    2014 R\u00f6derhof working grant from the state of Saxony-Anhalt<br \/>\n    2014 exhibition funding, Kunststiftung NRW<br \/>\n    2013 Catalog funding from the Kunstfonds Foundation, Bonn<br \/>\n    2013 Art Prize Sculpture LebensArt \u2013 Foundation, Cologne<br \/>\n    2009 Scholarship from the Artists\u2019 House in Balmoral Castle, Bad Ems<br \/>\n    2007 Wilhelm Lehmbruck grant from the city of Duisburg (until 2009)<br \/>\n    2006 scholarship from the Cultural Foundation of the Free State of Saxony<br \/>\n    2004 Art Prize of the Darmstadt Secession, Sculpture<br \/>\n    2002 Centro Tedesco di Studi Veneziani, residency scholarship<br \/>\n    2000 Hegenbarth scholarship, Dresden<br \/>\n    1997 Cusanuswerk, Episcopal scholarship (until 2002)<\/p>\n","protected":false},"excerpt":{"rendered":"<p>WORKS \u201cIn my work, art shows its possessive and sinister side, although my accumulations of materials and objects into sculptural structures made of everyday building materials. I combine MDF boards, cardboard, plaster and polyurethane foam with architecture or with serving objects such as furniture modules so that everyone can see them. With their monstrous outgrowths, &hellip; <\/p>\n<p class=\"link-more\"><a href=\"http:\/\/relaunch2024.galerie-obrist.de\/en\/artists\/fleig\/\" class=\"more-link\">Read more<span class=\"screen-reader-text\"> &#8220;J\u00e1chym Fleig&#8221;<\/span><\/a><\/p>\n","protected":false},"author":2,"featured_media":12590,"parent":1127,"menu_order":0,"comment_status":"closed","ping_status":"closed","template":"","meta":{"ngg_post_thumbnail":0,"footnotes":""},"translation":{"provider":"WPGlobus","version":"2.12.2","language":"en","enabled_languages":["de","en"],"languages":{"de":{"title":true,"content":true,"excerpt":false},"en":{"title":false,"content":true,"excerpt":false}}},"featured_media_urls":{"thumbnail":["http:\/\/relaunch2024.galerie-obrist.de\/wp-content\/uploads\/2022\/11\/6635-150x150.jpg",150,150,true],"medium":["http:\/\/relaunch2024.galerie-obrist.de\/wp-content\/uploads\/2022\/11\/6635-225x300.jpg",225,300,true],"medium_large":["http:\/\/relaunch2024.galerie-obrist.de\/wp-content\/uploads\/2022\/11\/6635-768x1024.jpg",768,1024,true],"large":["http:\/\/relaunch2024.galerie-obrist.de\/wp-content\/uploads\/2022\/11\/6635-768x1024.jpg",768,1024,true],"1536x1536":["http:\/\/relaunch2024.galerie-obrist.de\/wp-content\/uploads\/2022\/11\/6635-1152x1536.jpg",1152,1536,true],"2048x2048":["http:\/\/relaunch2024.galerie-obrist.de\/wp-content\/uploads\/2022\/11\/6635.jpg",1500,2000,false],"inspiro-featured-image":["http:\/\/relaunch2024.galerie-obrist.de\/wp-content\/uploads\/2022\/11\/6635.jpg",1500,2000,false],"inspiro-loop":["http:\/\/relaunch2024.galerie-obrist.de\/wp-content\/uploads\/2022\/11\/6635-950x320.jpg",950,320,true],"inspiro-loop@2x":["http:\/\/relaunch2024.galerie-obrist.de\/wp-content\/uploads\/2022\/11\/6635-1500x640.jpg",1500,640,true],"woocommerce_thumbnail":["http:\/\/relaunch2024.galerie-obrist.de\/wp-content\/uploads\/2022\/11\/6635-300x300.jpg",300,300,true],"woocommerce_single":["http:\/\/relaunch2024.galerie-obrist.de\/wp-content\/uploads\/2022\/11\/6635-600x800.jpg",600,800,true],"woocommerce_gallery_thumbnail":["http:\/\/relaunch2024.galerie-obrist.de\/wp-content\/uploads\/2022\/11\/6635-100x100.jpg",100,100,true],"portfolio_item-thumbnail":["http:\/\/relaunch2024.galerie-obrist.de\/wp-content\/uploads\/2022\/11\/6635-600x400.jpg",600,400,true],"portfolio_item-thumbnail@2x":["http:\/\/relaunch2024.galerie-obrist.de\/wp-content\/uploads\/2022\/11\/6635-1200x800.jpg",1200,800,true],"portfolio_item-masonry":["http:\/\/relaunch2024.galerie-obrist.de\/wp-content\/uploads\/2022\/11\/6635-600x800.jpg",600,800,true],"portfolio_item-masonry@2x":["http:\/\/relaunch2024.galerie-obrist.de\/wp-content\/uploads\/2022\/11\/6635-1200x1600.jpg",1200,1600,true],"portfolio_item-thumbnail_cinema":["http:\/\/relaunch2024.galerie-obrist.de\/wp-content\/uploads\/2022\/11\/6635-800x335.jpg",800,335,true],"portfolio_item-thumbnail_portrait":["http:\/\/relaunch2024.galerie-obrist.de\/wp-content\/uploads\/2022\/11\/6635-600x900.jpg",600,900,true],"portfolio_item-thumbnail_portrait@2x":["http:\/\/relaunch2024.galerie-obrist.de\/wp-content\/uploads\/2022\/11\/6635-1200x1800.jpg",1200,1800,true],"portfolio_item-thumbnail_square":["http:\/\/relaunch2024.galerie-obrist.de\/wp-content\/uploads\/2022\/11\/6635-800x800.jpg",800,800,true]},"_links":{"self":[{"href":"http:\/\/relaunch2024.galerie-obrist.de\/en\/wp-json\/wp\/v2\/pages\/12971"}],"collection":[{"href":"http:\/\/relaunch2024.galerie-obrist.de\/en\/wp-json\/wp\/v2\/pages"}],"about":[{"href":"http:\/\/relaunch2024.galerie-obrist.de\/en\/wp-json\/wp\/v2\/types\/page"}],"author":[{"embeddable":true,"href":"http:\/\/relaunch2024.galerie-obrist.de\/en\/wp-json\/wp\/v2\/users\/2"}],"replies":[{"embeddable":true,"href":"http:\/\/relaunch2024.galerie-obrist.de\/en\/wp-json\/wp\/v2\/comments?post=12971"}],"version-history":[{"count":9,"href":"http:\/\/relaunch2024.galerie-obrist.de\/en\/wp-json\/wp\/v2\/pages\/12971\/revisions"}],"predecessor-version":[{"id":13010,"href":"http:\/\/relaunch2024.galerie-obrist.de\/en\/wp-json\/wp\/v2\/pages\/12971\/revisions\/13010"}],"up":[{"embeddable":true,"href":"http:\/\/relaunch2024.galerie-obrist.de\/en\/wp-json\/wp\/v2\/pages\/1127"}],"wp:featuredmedia":[{"embeddable":true,"href":"http:\/\/relaunch2024.galerie-obrist.de\/en\/wp-json\/wp\/v2\/media\/12590"}],"wp:attachment":[{"href":"http:\/\/relaunch2024.galerie-obrist.de\/en\/wp-json\/wp\/v2\/media?parent=12971"}],"curies":[{"name":"wp","href":"https:\/\/api.w.org\/{rel}","templated":true}]}}